{"id":239,"date":"2022-09-09T13:58:39","date_gmt":"2022-09-09T13:58:39","guid":{"rendered":"https:\/\/hus.rgphoto.hu\/?page_id=239"},"modified":"2022-10-15T08:46:10","modified_gmt":"2022-10-15T08:46:10","slug":"rendeles","status":"publish","type":"page","link":"https:\/\/hus.rgphoto.hu\/index.php\/rendeles\/","title":{"rendered":"Term\u00e9kek"},"content":{"rendered":"\t\t<div data-elementor-type=\"wp-page\" data-elementor-id=\"239\" class=\"elementor elementor-239\">\n\t\t\t\t\t\t\t\t\t<section class=\"elementor-section elementor-top-section elementor-element elementor-element-550da62 elementor-section-boxed elementor-section-height-default elementor-section-height-default exad-glass-effect-no exad-sticky-section-no\" data-id=\"550da62\" data-element_type=\"section\">\n\t\t\t\t\t\t<div class=\"elementor-container elementor-column-gap-default\">\n\t\t\t\t\t<div class=\"elementor-column elementor-col-100 elementor-top-column elementor-element elementor-element-1f7bc61 exad-glass-effect-no exad-sticky-section-no\" data-id=\"1f7bc61\" data-element_type=\"column\">\n\t\t\t<div class=\"elementor-widget-wrap elementor-element-populated\">\n\t\t\t\t\t\t\t\t<div class=\"elementor-element elementor-element-8dcdc84 eael-product-gallery-column-4 exad-sticky-section-no exad-glass-effect-no elementor-widget elementor-widget-eael-woo-product-gallery\" data-id=\"8dcdc84\" data-element_type=\"widget\" data-widget_type=\"eael-woo-product-gallery.default\">\n\t\t\t\t<div class=\"elementor-widget-container\">\n\t\t\t\n        <div class=\"eael-product-gallery eael-product-preset-4 grid eael-terms-layout-vertical\" id=\"eael-product-gallery\" data-widget-id=\"8dcdc84\" data-page-id=\"239\" data-nonce=\"32ef671726\" >\n\t\t\t<ul class=\"eael-cat-tab\" data-layout=\"grid\" data-template={\"dir\":\"lite\",\"file_name\":\"default.php\",\"name\":\"Woo-Product-Gallery\"}  data-nonce=\"32ef671726\" data-page-id=\"239\" data-widget-id=\"8dcdc84\" data-widget=\"8dcdc84\" data-class=\"Essential_Addons_Elementor\\Elements\\Woo_Product_Gallery\" data-args=\"post_type=product&post_status%5B0%5D=publish&post_status%5B1%5D=pending&post_status%5B2%5D=future&posts_per_page=100&order=desc&offset=0&tax_query%5B0%5D%5Btaxonomy%5D=product_cat&tax_query%5B0%5D%5Bfield%5D=term_id&tax_query%5B0%5D%5Bterms%5D%5B0%5D=25&tax_query%5B0%5D%5Bterms%5D%5B1%5D=26&tax_query%5B0%5D%5Bterms%5D%5B2%5D=24&tax_query%5B0%5D%5Boperator%5D=IN&orderby=menu_order&meta_query%5Brelation%5D=AND\" data-page=\"1\"><li><a href=\"javascript:;\" data-taxonomy=\"product_cat\" data-page=\"1\" data-id=[\"25\",\"26\",\"24\"] class=\"active post-list-filter-item post-list-cat-8dcdc84\">\u00d6sszes<\/a><\/li><li><a href=\"javascript:;\" data-page=\"1\" data-taxonomy=\"product_cat\" data-terms=[\"huskeszitmenyek\"] data-id=\"25\" class=\"post-list-filter-item \">H\u00fask\u00e9sz\u00edtm\u00e9nyek<\/a><\/li><li><a href=\"javascript:;\" data-page=\"1\" data-taxonomy=\"product_cat\" data-terms=[\"felvagottak\"] data-id=\"26\" class=\"post-list-filter-item \">Felv\u00e1gottak<\/a><\/li><li><a href=\"javascript:;\" data-page=\"1\" data-taxonomy=\"product_cat\" data-terms=[\"kolbaszfelek\"] data-id=\"24\" class=\"post-list-filter-item \">Kolb\u00e1szf\u00e9l\u00e9k<\/a><\/li><\/ul>\n            <div class=\"woocommerce\">\n\t\t\t\t<ul class=\"products eael-post-appender eael-post-appender-8dcdc84\" data-layout-mode=\"grid\">        <li class=\"product\">\n            <div class=\"eael-product-wrap\">\n\t                        <img width=\"300\" height=\"225\" src=\"https:\/\/hus.rgphoto.hu\/wp-content\/uploads\/2022\/08\/kolbasz.png\" class=\"attachment-woocommerce_thumbnail size-woocommerce_thumbnail\" alt=\"\" loading=\"eager\" \/><h1 class=\"woocommerce-loop-product__title\">Csemege Debreceni<\/h1><div class=\"eael-product-price\"><span class=\"woocommerce-Price-amount amount\"><bdi><span class=\"woocommerce-Price-currencySymbol\">&#70;&#116;<\/span>1,190.00<\/bdi><\/span><\/div>            <a href=\"?add-to-cart=401\" data-quantity=\"1\" class=\"button product_type_simple add_to_cart_button ajax_add_to_cart\" data-product_id=\"401\" data-product_sku=\"\" aria-label=\"&ldquo;Csemege Debreceni&rdquo; kos\u00e1rba helyez\u00e9se\" rel=\"nofollow\">Kos\u00e1rba teszem<\/a>            <\/div>\n        <\/li>\n                <li class=\"product\">\n            <div class=\"eael-product-wrap\">\n\t                        <img width=\"300\" height=\"225\" src=\"https:\/\/hus.rgphoto.hu\/wp-content\/uploads\/2022\/08\/kolbasz.png\" class=\"attachment-woocommerce_thumbnail size-woocommerce_thumbnail\" alt=\"\" loading=\"eager\" \/><h1 class=\"woocommerce-loop-product__title\">Cs\u00edp\u0151s Debreceni<\/h1><div class=\"eael-product-price\"><span class=\"woocommerce-Price-amount amount\"><bdi><span class=\"woocommerce-Price-currencySymbol\">&#70;&#116;<\/span>1,190.00<\/bdi><\/span><\/div>            <a href=\"?add-to-cart=408\" data-quantity=\"1\" class=\"button product_type_simple add_to_cart_button ajax_add_to_cart\" data-product_id=\"408\" data-product_sku=\"\" aria-label=\"&ldquo;Cs\u00edp\u0151s Debreceni&rdquo; kos\u00e1rba helyez\u00e9se\" rel=\"nofollow\">Kos\u00e1rba teszem<\/a>            <\/div>\n        <\/li>\n                <li class=\"product\">\n            <div class=\"eael-product-wrap\">\n\t                        <img width=\"280\" height=\"280\" src=\"https:\/\/hus.rgphoto.hu\/wp-content\/uploads\/2022\/09\/mb_sub.jpg\" class=\"attachment-woocommerce_thumbnail size-woocommerce_thumbnail\" alt=\"\" loading=\"eager\" \/><h1 class=\"woocommerce-loop-product__title\">Csemege Lecs\u00f3kolb\u00e1sz<\/h1><div class=\"eael-product-price\"><span class=\"woocommerce-Price-amount amount\"><bdi><span class=\"woocommerce-Price-currencySymbol\">&#70;&#116;<\/span>1,160.00<\/bdi><\/span><\/div>            <a href=\"?add-to-cart=412\" data-quantity=\"1\" class=\"button product_type_simple add_to_cart_button ajax_add_to_cart\" data-product_id=\"412\" data-product_sku=\"\" aria-label=\"&ldquo;Csemege Lecs\u00f3kolb\u00e1sz&rdquo; kos\u00e1rba helyez\u00e9se\" rel=\"nofollow\">Kos\u00e1rba teszem<\/a>            <\/div>\n        <\/li>\n                <li class=\"product\">\n            <div class=\"eael-product-wrap\">\n\t                        <img width=\"300\" height=\"300\" src=\"https:\/\/hus.rgphoto.hu\/wp-content\/uploads\/2022\/09\/158781541317214312-300x300.jpg\" class=\"attachment-woocommerce_thumbnail size-woocommerce_thumbnail\" alt=\"\" loading=\"eager\" \/><h1 class=\"woocommerce-loop-product__title\">Cs\u00edp\u0151s Lecs\u00f3kolb\u00e1sz<\/h1><div class=\"eael-product-price\"><span class=\"woocommerce-Price-amount amount\"><bdi><span class=\"woocommerce-Price-currencySymbol\">&#70;&#116;<\/span>1,160.00<\/bdi><\/span><\/div>            <a href=\"?add-to-cart=413\" data-quantity=\"1\" class=\"button product_type_simple add_to_cart_button ajax_add_to_cart\" data-product_id=\"413\" data-product_sku=\"\" aria-label=\"&ldquo;Cs\u00edp\u0151s Lecs\u00f3kolb\u00e1sz&rdquo; kos\u00e1rba helyez\u00e9se\" rel=\"nofollow\">Kos\u00e1rba teszem<\/a>            <\/div>\n        <\/li>\n                <li class=\"product\">\n            <div class=\"eael-product-wrap\">\n\t                        <img width=\"300\" height=\"300\" src=\"https:\/\/hus.rgphoto.hu\/wp-content\/uploads\/woocommerce-placeholder.png\" class=\"woocommerce-placeholder wp-post-image\" alt=\"Helytart\u00f3\" loading=\"eager\" \/><h1 class=\"woocommerce-loop-product__title\">Szafal\u00e1d\u00e9<\/h1><div class=\"eael-product-price\"><span class=\"woocommerce-Price-amount amount\"><bdi><span class=\"woocommerce-Price-currencySymbol\">&#70;&#116;<\/span>1,200.00<\/bdi><\/span><\/div>            <a href=\"?add-to-cart=414\" data-quantity=\"1\" class=\"button product_type_simple add_to_cart_button ajax_add_to_cart\" data-product_id=\"414\" data-product_sku=\"\" aria-label=\"&ldquo;Szafal\u00e1d\u00e9&rdquo; kos\u00e1rba helyez\u00e9se\" rel=\"nofollow\">Kos\u00e1rba teszem<\/a>            <\/div>\n        <\/li>\n                <li class=\"product\">\n            <div class=\"eael-product-wrap\">\n\t                        <img width=\"300\" height=\"300\" src=\"https:\/\/hus.rgphoto.hu\/wp-content\/uploads\/woocommerce-placeholder.png\" class=\"woocommerce-placeholder wp-post-image\" alt=\"Helytart\u00f3\" loading=\"eager\" \/><h1 class=\"woocommerce-loop-product__title\">M\u00e1jas Hurka<\/h1><div class=\"eael-product-price\"><span class=\"woocommerce-Price-amount amount\"><bdi><span class=\"woocommerce-Price-currencySymbol\">&#70;&#116;<\/span>720.00<\/bdi><\/span><\/div>            <a href=\"?add-to-cart=415\" data-quantity=\"1\" class=\"button product_type_simple add_to_cart_button ajax_add_to_cart\" data-product_id=\"415\" data-product_sku=\"\" aria-label=\"&ldquo;M\u00e1jas Hurka&rdquo; kos\u00e1rba helyez\u00e9se\" rel=\"nofollow\">Kos\u00e1rba teszem<\/a>            <\/div>\n        <\/li>\n                <li class=\"product\">\n            <div class=\"eael-product-wrap\">\n\t                        <img width=\"300\" height=\"300\" src=\"https:\/\/hus.rgphoto.hu\/wp-content\/uploads\/woocommerce-placeholder.png\" class=\"woocommerce-placeholder wp-post-image\" alt=\"Helytart\u00f3\" loading=\"eager\" \/><h1 class=\"woocommerce-loop-product__title\">V\u00e9res Hurka<\/h1><div class=\"eael-product-price\"><span class=\"woocommerce-Price-amount amount\"><bdi><span class=\"woocommerce-Price-currencySymbol\">&#70;&#116;<\/span>850.00<\/bdi><\/span><\/div>            <a href=\"?add-to-cart=416\" data-quantity=\"1\" class=\"button product_type_simple add_to_cart_button ajax_add_to_cart\" data-product_id=\"416\" data-product_sku=\"\" aria-label=\"&ldquo;V\u00e9res Hurka&rdquo; kos\u00e1rba helyez\u00e9se\" rel=\"nofollow\">Kos\u00e1rba teszem<\/a>            <\/div>\n        <\/li>\n                <li class=\"product\">\n            <div class=\"eael-product-wrap\">\n\t                        <img width=\"300\" height=\"300\" src=\"https:\/\/hus.rgphoto.hu\/wp-content\/uploads\/woocommerce-placeholder.png\" class=\"woocommerce-placeholder wp-post-image\" alt=\"Helytart\u00f3\" loading=\"eager\" \/><h1 class=\"woocommerce-loop-product__title\">S\u00fct\u0151 Kolb\u00e1sz<\/h1><div class=\"eael-product-price\"><span class=\"woocommerce-Price-amount amount\"><bdi><span class=\"woocommerce-Price-currencySymbol\">&#70;&#116;<\/span>1,400.00<\/bdi><\/span><\/div>            <a href=\"?add-to-cart=417\" data-quantity=\"1\" class=\"button product_type_simple add_to_cart_button ajax_add_to_cart\" data-product_id=\"417\" data-product_sku=\"\" aria-label=\"&ldquo;S\u00fct\u0151 Kolb\u00e1sz&rdquo; kos\u00e1rba helyez\u00e9se\" rel=\"nofollow\">Kos\u00e1rba teszem<\/a>            <\/div>\n        <\/li>\n                <li class=\"product\">\n            <div class=\"eael-product-wrap\">\n\t                        <img width=\"300\" height=\"300\" src=\"https:\/\/hus.rgphoto.hu\/wp-content\/uploads\/woocommerce-placeholder.png\" class=\"woocommerce-placeholder wp-post-image\" alt=\"Helytart\u00f3\" loading=\"eager\" \/><h1 class=\"woocommerce-loop-product__title\">B\u00e1cskai hurka<\/h1><div class=\"eael-product-price\"><span class=\"woocommerce-Price-amount amount\"><bdi><span class=\"woocommerce-Price-currencySymbol\">&#70;&#116;<\/span>1,100.00<\/bdi><\/span><\/div>            <a href=\"?add-to-cart=418\" data-quantity=\"1\" class=\"button product_type_simple add_to_cart_button ajax_add_to_cart\" data-product_id=\"418\" data-product_sku=\"\" aria-label=\"&ldquo;B\u00e1cskai hurka&rdquo; kos\u00e1rba helyez\u00e9se\" rel=\"nofollow\">Kos\u00e1rba teszem<\/a>            <\/div>\n        <\/li>\n                <li class=\"product\">\n            <div class=\"eael-product-wrap\">\n\t                        <img width=\"300\" height=\"300\" src=\"https:\/\/hus.rgphoto.hu\/wp-content\/uploads\/woocommerce-placeholder.png\" class=\"woocommerce-placeholder wp-post-image\" alt=\"Helytart\u00f3\" loading=\"eager\" \/><h1 class=\"woocommerce-loop-product__title\">Ken\u0151m\u00e1jas<\/h1><div class=\"eael-product-price\"><span class=\"woocommerce-Price-amount amount\"><bdi><span class=\"woocommerce-Price-currencySymbol\">&#70;&#116;<\/span>1,090.00<\/bdi><\/span><\/div>            <a href=\"?add-to-cart=419\" data-quantity=\"1\" class=\"button product_type_simple add_to_cart_button ajax_add_to_cart\" data-product_id=\"419\" data-product_sku=\"\" aria-label=\"&ldquo;Ken\u0151m\u00e1jas&rdquo; kos\u00e1rba helyez\u00e9se\" rel=\"nofollow\">Kos\u00e1rba teszem<\/a>            <\/div>\n        <\/li>\n                <li class=\"product\">\n            <div class=\"eael-product-wrap\">\n\t                        <img width=\"300\" height=\"300\" src=\"https:\/\/hus.rgphoto.hu\/wp-content\/uploads\/woocommerce-placeholder.png\" class=\"woocommerce-placeholder wp-post-image\" alt=\"Helytart\u00f3\" loading=\"eager\" \/><h1 class=\"woocommerce-loop-product__title\">Uzsonna<\/h1><div class=\"eael-product-price\"><span class=\"woocommerce-Price-amount amount\"><bdi><span class=\"woocommerce-Price-currencySymbol\">&#70;&#116;<\/span>0.00<\/bdi><\/span><\/div>            <a href=\"?add-to-cart=867\" data-quantity=\"1\" class=\"button product_type_simple add_to_cart_button ajax_add_to_cart\" data-product_id=\"867\" data-product_sku=\"\" aria-label=\"&ldquo;Uzsonna&rdquo; kos\u00e1rba helyez\u00e9se\" rel=\"nofollow\">Kos\u00e1rba teszem<\/a>            <\/div>\n        <\/li>\n        <\/ul>            <\/div>\n        <\/div>\n        <script type=\"text\/javascript\">\n\t\t\tjQuery(document).ready(function ($) {\n\t\t\t\tvar $scope = jQuery(\".elementor-element-8dcdc84\");\n\t\t\t\tvar $products = $('.products', $scope);\n\t\t\t\tvar $layout_mode = $products.data('layout-mode');\n\n\t\t\t\tif ($layout_mode === 'masonry') {\n\t\t\t\t\t\/\/ init isotope\n\t\t\t\t\tvar $isotope_products = $products.isotope({\n\t\t\t\t\t\t                                          itemSelector: \"li.product\",\n\t\t\t\t\t\t                                          layoutMode: $layout_mode,\n\t\t\t\t\t\t                                          percentPosition: true\n\t\t\t\t\t                                          });\n\n\t\t\t\t\t$isotope_products.imagesLoaded().progress(function () {\n\t\t\t\t\t\t$isotope_products.isotope('layout');\n\t\t\t\t\t})\n\n\t\t\t\t\t$(window).on('resize', function () {\n\t\t\t\t\t\t$isotope_products.isotope('layout');\n\t\t\t\t\t});\n\t\t\t\t}\n\t\t\t});\n        <\/script>\n\t\t\t\t<\/div>\n\t\t\t\t<\/div>\n\t\t\t\t\t<\/div>\n\t\t<\/div>\n\t\t\t\t\t\t\t<\/div>\n\t\t<\/section>\n\t\t\t\t<section class=\"elementor-section elementor-top-section elementor-element elementor-element-ba7ebf1 elementor-section-boxed elementor-section-height-default elementor-section-height-default exad-glass-effect-no exad-sticky-section-no\" data-id=\"ba7ebf1\" data-element_type=\"section\">\n\t\t\t\t\t\t<div class=\"elementor-container elementor-column-gap-default\">\n\t\t\t\t\t<div class=\"elementor-column elementor-col-100 elementor-top-column elementor-element elementor-element-081f1e2 exad-glass-effect-no exad-sticky-section-no\" data-id=\"081f1e2\" data-element_type=\"column\">\n\t\t\t<div class=\"elementor-widget-wrap elementor-element-populated\">\n\t\t\t\t\t\t\t\t<div class=\"elementor-element elementor-element-8a5c771 eael-product-grid-column-4 exad-sticky-section-no exad-glass-effect-no elementor-widget elementor-widget-eicon-woocommerce\" data-id=\"8a5c771\" data-element_type=\"widget\" data-widget_type=\"eicon-woocommerce.default\">\n\t\t\t\t<div class=\"elementor-widget-container\">\n\t\t\t\n        <div class=\"eael-product-grid eael-product-simple masonry\" id=\"eael-product-grid\" data-widget-id=\"8a5c771\" data-page-id=\"239\" data-nonce=\"d9df2b2a6f\" >\n            <div class=\"woocommerce\">\n                <ul class=\"products\" data-layout-mode=\"masonry\">    <li class=\"product\">\n        <div class=\"eael-product-wrap\">\n                        <img width=\"300\" height=\"300\" src=\"https:\/\/hus.rgphoto.hu\/wp-content\/uploads\/woocommerce-placeholder-300x300.png\" class=\"woocommerce-placeholder wp-post-image\" alt=\"Helytart\u00f3\" loading=\"eager\" \/><div class=\"eael-product-title\">\n            <a href=\"https:\/\/hus.rgphoto.hu\/index.php\/termek\/uzsonna\/\" class=\"woocommerce-LoopProduct-link woocommerce-loop-product__link\"><h2 class=\"woocommerce-loop-product__title\">Uzsonna<\/h2><\/a>\n            <\/div><div class=\"eael-star-rating star-rating\"><span style=\"width:0%\">\u00c9rt\u00e9kel\u00e9s: <strong class=\"rating\">0<\/strong> \/ 5<\/span><\/div><div class=\"eael-product-price\"><span class=\"woocommerce-Price-amount amount\"><bdi><span class=\"woocommerce-Price-currencySymbol\">&#70;&#116;<\/span>0.00<\/bdi><\/span><\/div>            <a href=\"?add-to-cart=867\" data-quantity=\"1\" class=\"button product_type_simple add_to_cart_button ajax_add_to_cart\" data-product_id=\"867\" data-product_sku=\"\" aria-label=\"&ldquo;Uzsonna&rdquo; kos\u00e1rba helyez\u00e9se\" rel=\"nofollow\">Kos\u00e1rba teszem<\/a>                    <\/div>\n    <\/li>\n        <li class=\"product\">\n        <div class=\"eael-product-wrap\">\n                        <img width=\"300\" height=\"300\" src=\"https:\/\/hus.rgphoto.hu\/wp-content\/uploads\/woocommerce-placeholder-300x300.png\" class=\"woocommerce-placeholder wp-post-image\" alt=\"Helytart\u00f3\" loading=\"eager\" \/><div class=\"eael-product-title\">\n            <a href=\"https:\/\/hus.rgphoto.hu\/index.php\/termek\/kenomajas\/\" class=\"woocommerce-LoopProduct-link woocommerce-loop-product__link\"><h2 class=\"woocommerce-loop-product__title\">Ken\u0151m\u00e1jas<\/h2><\/a>\n            <\/div><div class=\"eael-star-rating star-rating\"><span style=\"width:0%\">\u00c9rt\u00e9kel\u00e9s: <strong class=\"rating\">0<\/strong> \/ 5<\/span><\/div><div class=\"eael-product-price\"><span class=\"woocommerce-Price-amount amount\"><bdi><span class=\"woocommerce-Price-currencySymbol\">&#70;&#116;<\/span>1,090.00<\/bdi><\/span><\/div>            <a href=\"?add-to-cart=419\" data-quantity=\"1\" class=\"button product_type_simple add_to_cart_button ajax_add_to_cart\" data-product_id=\"419\" data-product_sku=\"\" aria-label=\"&ldquo;Ken\u0151m\u00e1jas&rdquo; kos\u00e1rba helyez\u00e9se\" rel=\"nofollow\">Kos\u00e1rba teszem<\/a>                    <\/div>\n    <\/li>\n        <li class=\"product\">\n        <div class=\"eael-product-wrap\">\n                        <img width=\"300\" height=\"300\" src=\"https:\/\/hus.rgphoto.hu\/wp-content\/uploads\/woocommerce-placeholder-300x300.png\" class=\"woocommerce-placeholder wp-post-image\" alt=\"Helytart\u00f3\" loading=\"eager\" \/><div class=\"eael-product-title\">\n            <a href=\"https:\/\/hus.rgphoto.hu\/index.php\/termek\/bacskai-hurka\/\" class=\"woocommerce-LoopProduct-link woocommerce-loop-product__link\"><h2 class=\"woocommerce-loop-product__title\">B\u00e1cskai hurka<\/h2><\/a>\n            <\/div><div class=\"eael-star-rating star-rating\"><span style=\"width:0%\">\u00c9rt\u00e9kel\u00e9s: <strong class=\"rating\">0<\/strong> \/ 5<\/span><\/div><div class=\"eael-product-price\"><span class=\"woocommerce-Price-amount amount\"><bdi><span class=\"woocommerce-Price-currencySymbol\">&#70;&#116;<\/span>1,100.00<\/bdi><\/span><\/div>            <a href=\"?add-to-cart=418\" data-quantity=\"1\" class=\"button product_type_simple add_to_cart_button ajax_add_to_cart\" data-product_id=\"418\" data-product_sku=\"\" aria-label=\"&ldquo;B\u00e1cskai hurka&rdquo; kos\u00e1rba helyez\u00e9se\" rel=\"nofollow\">Kos\u00e1rba teszem<\/a>                    <\/div>\n    <\/li>\n        <li class=\"product\">\n        <div class=\"eael-product-wrap\">\n                        <img width=\"300\" height=\"300\" src=\"https:\/\/hus.rgphoto.hu\/wp-content\/uploads\/woocommerce-placeholder-300x300.png\" class=\"woocommerce-placeholder wp-post-image\" alt=\"Helytart\u00f3\" loading=\"eager\" \/><div class=\"eael-product-title\">\n            <a href=\"https:\/\/hus.rgphoto.hu\/index.php\/termek\/suto-kolbasz\/\" class=\"woocommerce-LoopProduct-link woocommerce-loop-product__link\"><h2 class=\"woocommerce-loop-product__title\">S\u00fct\u0151 Kolb\u00e1sz<\/h2><\/a>\n            <\/div><div class=\"eael-star-rating star-rating\"><span style=\"width:0%\">\u00c9rt\u00e9kel\u00e9s: <strong class=\"rating\">0<\/strong> \/ 5<\/span><\/div><div class=\"eael-product-price\"><span class=\"woocommerce-Price-amount amount\"><bdi><span class=\"woocommerce-Price-currencySymbol\">&#70;&#116;<\/span>1,400.00<\/bdi><\/span><\/div>            <a href=\"?add-to-cart=417\" data-quantity=\"1\" class=\"button product_type_simple add_to_cart_button ajax_add_to_cart\" data-product_id=\"417\" data-product_sku=\"\" aria-label=\"&ldquo;S\u00fct\u0151 Kolb\u00e1sz&rdquo; kos\u00e1rba helyez\u00e9se\" rel=\"nofollow\">Kos\u00e1rba teszem<\/a>                    <\/div>\n    <\/li>\n    <\/ul>            <div class=\"eael-load-more-button-wrap\">\n                <button class=\"eael-load-more-button\" id=\"eael-load-more-btn-8a5c771\" data-widget-id=\"8a5c771\" data-widget=\"8a5c771\" data-page-id=\"239\" data-nonce=\"d5353bf493\" data-template=\"{&quot;dir&quot;:&quot;lite&quot;,&quot;file_name&quot;:&quot;default.php&quot;,&quot;name&quot;:&quot;Eicon-Woocommerce&quot;}\" data-class=\"Essential_Addons_Elementor\\Elements\\Product_Grid\" data-layout=\"masonry\" data-page=\"1\" data-args=\"post_type=product&amp;post_status%5B0%5D=publish&amp;post_status%5B1%5D=pending&amp;post_status%5B2%5D=future&amp;posts_per_page=4&amp;order=desc&amp;offset=0&amp;tax_query%5B0%5D%5Btaxonomy%5D=product_cat&amp;tax_query%5B0%5D%5Bfield%5D=slug&amp;tax_query%5B0%5D%5Bterms%5D%5B0%5D=felvagottak&amp;tax_query%5B0%5D%5Bterms%5D%5B1%5D=huskeszitmenyek&amp;tax_query%5B0%5D%5Bterms%5D%5B2%5D=kolbaszfelek&amp;tax_query%5B0%5D%5Boperator%5D=IN&amp;orderby=date&amp;meta_query%5Brelation%5D=AND&amp;total_post=11\" data-max-page=\"3\">\n                    <div class=\"eael-btn-loader button__loader\"><\/div>\n                    <span>Load More<\/span>\n                <\/button>\n            <\/div>\n                    <\/div>\n        <\/div>\n\n        <script type=\"text\/javascript\">\n            jQuery(document).ready(function($) {\n                var $scope = jQuery(\".elementor-element-8a5c771\");\n                var $products = $('.products', $scope);\n                var $layout_mode = $products.data('layout-mode');\n                \n                if ( $layout_mode === 'masonry' ) {\n                    \/\/ init isotope\n                    var $isotope_products = $products.isotope({\n                        itemSelector: \"li.product\",\n                        layoutMode: $layout_mode,\n                        percentPosition: true\n                    });\n\n                    $isotope_products.imagesLoaded().progress( function() {\n                        $isotope_products.isotope('layout');\n                    })\n\n                    $(window).on('resize', function() {\n                        $isotope_products.isotope('layout');\n                    });\n                }\n            });\n        <\/script>\n        \t\t<\/div>\n\t\t\t\t<\/div>\n\t\t\t\t\t<\/div>\n\t\t<\/div>\n\t\t\t\t\t\t\t<\/div>\n\t\t<\/section>\n\t\t\t\t\t\t\t<\/div>\n\t\t","protected":false},"excerpt":{"rendered":"<p>\u00d6sszes H\u00fask\u00e9sz\u00edtm\u00e9nyek Felv\u00e1gottak Kolb\u00e1szf\u00e9l\u00e9k Csemege Debreceni &#70;&#116;1,190.00 Kos\u00e1rba teszem Cs\u00edp\u0151s Debreceni &#70;&#116;1,190.00 Kos\u00e1rba teszem Csemege Lecs\u00f3kolb\u00e1sz &#70;&#116;1,160.00 Kos\u00e1rba teszem Cs\u00edp\u0151s Lecs\u00f3kolb\u00e1sz &#70;&#116;1,160.00 Kos\u00e1rba teszem Szafal\u00e1d\u00e9 &#70;&#116;1,200.00 Kos\u00e1rba teszem M\u00e1jas Hurka &#70;&#116;720.00 Kos\u00e1rba teszem V\u00e9res Hurka &#70;&#116;850.00 Kos\u00e1rba teszem S\u00fct\u0151 Kolb\u00e1sz &#70;&#116;1,400.00 Kos\u00e1rba teszem B\u00e1cskai hurka &#70;&#116;1,100.00 Kos\u00e1rba teszem Ken\u0151m\u00e1jas &#70;&#116;1,090.00 Kos\u00e1rba teszem Uzsonna &#70;&#116;0.00 Kos\u00e1rba [&hellip;]<\/p>\n","protected":false},"author":1,"featured_media":0,"parent":0,"menu_order":0,"comment_status":"closed","ping_status":"closed","template":"","meta":{"om_disable_all_campaigns":false,"_monsterinsights_skip_tracking":false,"_monsterinsights_sitenote_active":false,"_monsterinsights_sitenote_note":"","_monsterinsights_sitenote_category":0},"aioseo_notices":[],"_links":{"self":[{"href":"https:\/\/hus.rgphoto.hu\/index.php\/wp-json\/wp\/v2\/pages\/239"}],"collection":[{"href":"https:\/\/hus.rgphoto.hu\/index.php\/wp-json\/wp\/v2\/pages"}],"about":[{"href":"https:\/\/hus.rgphoto.hu\/index.php\/wp-json\/wp\/v2\/types\/page"}],"author":[{"embeddable":true,"href":"https:\/\/hus.rgphoto.hu\/index.php\/wp-json\/wp\/v2\/users\/1"}],"replies":[{"embeddable":true,"href":"https:\/\/hus.rgphoto.hu\/index.php\/wp-json\/wp\/v2\/comments?post=239"}],"version-history":[{"count":111,"href":"https:\/\/hus.rgphoto.hu\/index.php\/wp-json\/wp\/v2\/pages\/239\/revisions"}],"predecessor-version":[{"id":898,"href":"https:\/\/hus.rgphoto.hu\/index.php\/wp-json\/wp\/v2\/pages\/239\/revisions\/898"}],"wp:attachment":[{"href":"https:\/\/hus.rgphoto.hu\/index.php\/wp-json\/wp\/v2\/media?parent=239"}],"curies":[{"name":"wp","href":"https:\/\/api.w.org\/{rel}","templated":true}]}}