{"id":241,"date":"2022-09-09T13:59:01","date_gmt":"2022-09-09T13:59:01","guid":{"rendered":"https:\/\/hus.rgphoto.hu\/?page_id=241"},"modified":"2022-09-17T08:30:59","modified_gmt":"2022-09-17T08:30:59","slug":"kapcsolat","status":"publish","type":"page","link":"https:\/\/hus.rgphoto.hu\/index.php\/kapcsolat\/","title":{"rendered":"Kapcsolat"},"content":{"rendered":"\t\t<div data-elementor-type=\"wp-page\" data-elementor-id=\"241\" class=\"elementor elementor-241\">\n\t\t\t\t\t\t\t\t\t<section class=\"elementor-section elementor-top-section elementor-element elementor-element-65310add elementor-section-full_width elementor-section-height-min-height elementor-section-height-default elementor-section-items-middle exad-glass-effect-no exad-sticky-section-no\" data-id=\"65310add\" data-element_type=\"section\" data-settings=\"{&quot;background_background&quot;:&quot;classic&quot;}\">\n\t\t\t\t\t\t<div class=\"elementor-container elementor-column-gap-default\">\n\t\t\t\t\t<div class=\"elementor-column elementor-col-50 elementor-top-column elementor-element elementor-element-7358834 exad-glass-effect-no exad-sticky-section-no\" data-id=\"7358834\" data-element_type=\"column\" data-settings=\"{&quot;background_background&quot;:&quot;classic&quot;}\">\n\t\t\t<div class=\"elementor-widget-wrap elementor-element-populated\">\n\t\t\t\t\t\t\t\t<div class=\"elementor-element elementor-element-6c22b5c exad-sticky-section-no exad-glass-effect-no elementor-widget elementor-widget-spacer\" data-id=\"6c22b5c\" data-element_type=\"widget\" data-widget_type=\"spacer.default\">\n\t\t\t\t<div class=\"elementor-widget-container\">\n\t\t\t<style>\/*! elementor - v3.7.4 - 31-08-2022 *\/\n.elementor-column .elementor-spacer-inner{height:var(--spacer-size)}.e-container{--container-widget-width:100%}.e-container>.elementor-widget-spacer{width:var(--container-widget-width,var(--spacer-size));-ms-flex-item-align:stretch;align-self:stretch;-ms-flex-negative:0;flex-shrink:0}.e-container>.elementor-widget-spacer>.elementor-widget-container,.e-container>.elementor-widget-spacer>.elementor-widget-container>.elementor-spacer{height:100%}.e-container>.elementor-widget-spacer>.elementor-widget-container>.elementor-spacer>.elementor-spacer-inner{height:var(--container-widget-height,var(--spacer-size))}<\/style>\t\t<div class=\"elementor-spacer\">\n\t\t\t<div class=\"elementor-spacer-inner\"><\/div>\n\t\t<\/div>\n\t\t\t\t<\/div>\n\t\t\t\t<\/div>\n\t\t\t\t\t<\/div>\n\t\t<\/div>\n\t\t\t\t<div class=\"elementor-column elementor-col-50 elementor-top-column elementor-element elementor-element-611d9680 exad-glass-effect-no exad-sticky-section-no\" data-id=\"611d9680\" data-element_type=\"column\">\n\t\t\t<div class=\"elementor-widget-wrap elementor-element-populated\">\n\t\t\t\t\t\t\t\t<section class=\"elementor-section elementor-inner-section elementor-element elementor-element-711e5718 elementor-section-boxed elementor-section-height-default elementor-section-height-default exad-glass-effect-no exad-sticky-section-no\" data-id=\"711e5718\" data-element_type=\"section\">\n\t\t\t\t\t\t<div class=\"elementor-container elementor-column-gap-default\">\n\t\t\t\t\t<div class=\"elementor-column elementor-col-100 elementor-inner-column elementor-element elementor-element-31c14906 exad-glass-effect-no exad-sticky-section-no\" data-id=\"31c14906\" data-element_type=\"column\">\n\t\t\t<div class=\"elementor-widget-wrap elementor-element-populated\">\n\t\t\t\t\t\t\t\t<div class=\"elementor-element elementor-element-2974a94c exad-sticky-section-no exad-glass-effect-no elementor-widget elementor-widget-heading\" data-id=\"2974a94c\" data-element_type=\"widget\" data-widget_type=\"heading.default\">\n\t\t\t\t<div class=\"elementor-widget-container\">\n\t\t\t<style>\/*! elementor - v3.7.4 - 31-08-2022 *\/\n.elementor-heading-title{padding:0;margin:0;line-height:1}.elementor-widget-heading .elementor-heading-title[class*=elementor-size-]>a{color:inherit;font-size:inherit;line-height:inherit}.elementor-widget-heading .elementor-heading-title.elementor-size-small{font-size:15px}.elementor-widget-heading .elementor-heading-title.elementor-size-medium{font-size:19px}.elementor-widget-heading .elementor-heading-title.elementor-size-large{font-size:29px}.elementor-widget-heading .elementor-heading-title.elementor-size-xl{font-size:39px}.elementor-widget-heading .elementor-heading-title.elementor-size-xxl{font-size:59px}<\/style><h1 class=\"elementor-heading-title elementor-size-default\">Kapcsolat<\/h1>\t\t<\/div>\n\t\t\t\t<\/div>\n\t\t\t\t<div class=\"elementor-element elementor-element-1a9f2ba1 exad-sticky-section-no exad-glass-effect-no elementor-widget elementor-widget-text-editor\" data-id=\"1a9f2ba1\" data-element_type=\"widget\" data-widget_type=\"text-editor.default\">\n\t\t\t\t<div class=\"elementor-widget-container\">\n\t\t\t<style>\/*! elementor - v3.7.4 - 31-08-2022 *\/\n.elementor-widget-text-editor.elementor-drop-cap-view-stacked .elementor-drop-cap{background-color:#818a91;color:#fff}.elementor-widget-text-editor.elementor-drop-cap-view-framed .elementor-drop-cap{color:#818a91;border:3px solid;background-color:transparent}.elementor-widget-text-editor:not(.elementor-drop-cap-view-default) .elementor-drop-cap{margin-top:8px}.elementor-widget-text-editor:not(.elementor-drop-cap-view-default) .elementor-drop-cap-letter{width:1em;height:1em}.elementor-widget-text-editor .elementor-drop-cap{float:left;text-align:center;line-height:1;font-size:50px}.elementor-widget-text-editor .elementor-drop-cap-letter{display:inline-block}<\/style>\t\t\t\t<p>Rendel\u00e9sek a k\u00f6vetkez\u0151 id\u0151pontig adhat\u00f3ak le:<\/p><p>Irodai telefonsz\u00e1mon: H-P 05-14 \u00f3r\u00e1ig<br \/>Mobiltelefonon : H-Szo 05-20 \u00f3r\u00e1ig<br \/>E-mailben a kisz\u00e1ll\u00edt\u00e1st megel\u0151z\u0151 nap 24 \u00f3r\u00e1ig.<\/p>\t\t\t\t\t\t<\/div>\n\t\t\t\t<\/div>\n\t\t\t\t\t<\/div>\n\t\t<\/div>\n\t\t\t\t\t\t\t<\/div>\n\t\t<\/section>\n\t\t\t\t\t<\/div>\n\t\t<\/div>\n\t\t\t\t\t\t\t<\/div>\n\t\t<\/section>\n\t\t\t\t<section class=\"elementor-section elementor-top-section elementor-element elementor-element-5d3aedc0 elementor-section-boxed elementor-section-height-default elementor-section-height-default exad-glass-effect-no exad-sticky-section-no\" data-id=\"5d3aedc0\" data-element_type=\"section\" data-settings=\"{&quot;background_background&quot;:&quot;classic&quot;}\">\n\t\t\t\t\t\t<div class=\"elementor-container elementor-column-gap-default\">\n\t\t\t\t\t<div class=\"elementor-column elementor-col-50 elementor-top-column elementor-element elementor-element-6b361fb3 exad-glass-effect-no exad-sticky-section-no\" data-id=\"6b361fb3\" data-element_type=\"column\">\n\t\t\t<div class=\"elementor-widget-wrap elementor-element-populated\">\n\t\t\t\t\t\t\t\t<div class=\"elementor-element elementor-element-2a819ee6 exad-sticky-section-no exad-glass-effect-no elementor-invisible elementor-widget elementor-widget-heading\" data-id=\"2a819ee6\" data-element_type=\"widget\" data-settings=\"{&quot;_animation&quot;:&quot;fadeInUp&quot;}\" data-widget_type=\"heading.default\">\n\t\t\t\t<div class=\"elementor-widget-container\">\n\t\t\t<h3 class=\"elementor-heading-title elementor-size-default\">Inform\u00e1ci\u00f3<\/h3>\t\t<\/div>\n\t\t\t\t<\/div>\n\t\t\t\t<div class=\"elementor-element elementor-element-59c64b1f exad-sticky-section-no exad-glass-effect-no elementor-widget elementor-widget-text-editor\" data-id=\"59c64b1f\" data-element_type=\"widget\" data-widget_type=\"text-editor.default\">\n\t\t\t\t<div class=\"elementor-widget-container\">\n\t\t\t\t\t\t\t<p>Rendel\u00e9sek a k\u00f6vetkez\u0151 id\u0151pontig adhat\u00f3ak le:<\/p><p>Irodai telefonsz\u00e1mon: H-P 05-14 \u00f3r\u00e1ig<br \/>Mobiltelefonon : H-Szo 05-20 \u00f3r\u00e1ig<br \/>E-mailben a kisz\u00e1ll\u00edt\u00e1st megel\u0151z\u0151 nap 24 \u00f3r\u00e1ig.<\/p>\t\t\t\t\t\t<\/div>\n\t\t\t\t<\/div>\n\t\t\t\t\t<\/div>\n\t\t<\/div>\n\t\t\t\t<div class=\"elementor-column elementor-col-50 elementor-top-column elementor-element elementor-element-256c6f19 exad-glass-effect-no exad-sticky-section-no\" data-id=\"256c6f19\" data-element_type=\"column\">\n\t\t\t<div class=\"elementor-widget-wrap elementor-element-populated\">\n\t\t\t\t\t\t\t\t<div class=\"elementor-element elementor-element-672ebaaf exad-sticky-section-no exad-glass-effect-no elementor-widget elementor-widget-heading\" data-id=\"672ebaaf\" data-element_type=\"widget\" data-widget_type=\"heading.default\">\n\t\t\t\t<div class=\"elementor-widget-container\">\n\t\t\t<h2 class=\"elementor-heading-title elementor-size-default\">C\u00edm<\/h2>\t\t<\/div>\n\t\t\t\t<\/div>\n\t\t\t\t<div class=\"elementor-element elementor-element-533e495f exad-sticky-section-no exad-glass-effect-no elementor-widget elementor-widget-text-editor\" data-id=\"533e495f\" data-element_type=\"widget\" data-widget_type=\"text-editor.default\">\n\t\t\t\t<div class=\"elementor-widget-container\">\n\t\t\t\t\t\t\t<p>Budapest, Horv\u00e1th Mih\u00e1ly utca 4.<\/p>\t\t\t\t\t\t<\/div>\n\t\t\t\t<\/div>\n\t\t\t\t<div class=\"elementor-element elementor-element-6b6cbc4c exad-sticky-section-no exad-glass-effect-no elementor-widget elementor-widget-heading\" data-id=\"6b6cbc4c\" data-element_type=\"widget\" data-widget_type=\"heading.default\">\n\t\t\t\t<div class=\"elementor-widget-container\">\n\t\t\t<h2 class=\"elementor-heading-title elementor-size-default\">Telefonsz\u00e1m<\/h2>\t\t<\/div>\n\t\t\t\t<\/div>\n\t\t\t\t<div class=\"elementor-element elementor-element-144b6354 exad-sticky-section-no exad-glass-effect-no elementor-widget elementor-widget-text-editor\" data-id=\"144b6354\" data-element_type=\"widget\" data-widget_type=\"text-editor.default\">\n\t\t\t\t<div class=\"elementor-widget-container\">\n\t\t\t\t\t\t\t<p>+36\/30-477-9747<\/p>\t\t\t\t\t\t<\/div>\n\t\t\t\t<\/div>\n\t\t\t\t<div class=\"elementor-element elementor-element-3ba5a5bb exad-sticky-section-no exad-glass-effect-no elementor-widget elementor-widget-heading\" data-id=\"3ba5a5bb\" data-element_type=\"widget\" data-widget_type=\"heading.default\">\n\t\t\t\t<div class=\"elementor-widget-container\">\n\t\t\t<h2 class=\"elementor-heading-title elementor-size-default\">Email<\/h2>\t\t<\/div>\n\t\t\t\t<\/div>\n\t\t\t\t<div class=\"elementor-element elementor-element-264f7f49 exad-sticky-section-no exad-glass-effect-no elementor-widget elementor-widget-text-editor\" data-id=\"264f7f49\" data-element_type=\"widget\" data-widget_type=\"text-editor.default\">\n\t\t\t\t<div class=\"elementor-widget-container\">\n\t\t\t\t\t\t\t<p>johustolcsonkft@gmail.com<\/p>\t\t\t\t\t\t<\/div>\n\t\t\t\t<\/div>\n\t\t\t\t\t<\/div>\n\t\t<\/div>\n\t\t\t\t\t\t\t<\/div>\n\t\t<\/section>\n\t\t\t\t<section class=\"elementor-section elementor-top-section elementor-element elementor-element-9068133 elementor-section-boxed elementor-section-height-default elementor-section-height-default exad-glass-effect-no exad-sticky-section-no\" data-id=\"9068133\" data-element_type=\"section\">\n\t\t\t\t\t\t<div class=\"elementor-container elementor-column-gap-default\">\n\t\t\t\t\t<div class=\"elementor-column elementor-col-100 elementor-top-column elementor-element elementor-element-5fe3b92 exad-glass-effect-no exad-sticky-section-no\" data-id=\"5fe3b92\" data-element_type=\"column\">\n\t\t\t<div class=\"elementor-widget-wrap elementor-element-populated\">\n\t\t\t\t\t\t\t\t<div class=\"elementor-element elementor-element-8821bc7 exad-sticky-section-no exad-glass-effect-no elementor-widget elementor-widget-google_maps\" data-id=\"8821bc7\" data-element_type=\"widget\" data-widget_type=\"google_maps.default\">\n\t\t\t\t<div class=\"elementor-widget-container\">\n\t\t\t<style>\/*! elementor - v3.7.4 - 31-08-2022 *\/\n.elementor-widget-google_maps .elementor-widget-container{overflow:hidden}.elementor-widget-google_maps iframe{height:300px}<\/style>\t\t<div class=\"elementor-custom-embed\">\n\t\t\t<iframe frameborder=\"0\" scrolling=\"no\" marginheight=\"0\" marginwidth=\"0\"\n\t\t\t\t\tsrc=\"https:\/\/maps.google.com\/maps?q=Budapest%2C%20Horv%C3%A1th%20Mih%C3%A1ly%20utca%204.&#038;t=m&#038;z=12&#038;output=embed&#038;iwloc=near\"\n\t\t\t\t\ttitle=\"Budapest, Horv\u00e1th Mih\u00e1ly utca 4.\"\n\t\t\t\t\taria-label=\"Budapest, Horv\u00e1th Mih\u00e1ly utca 4.\"\n\t\t\t><\/iframe>\n\t\t<\/div>\n\t\t\t\t<\/div>\n\t\t\t\t<\/div>\n\t\t\t\t\t<\/div>\n\t\t<\/div>\n\t\t\t\t\t\t\t<\/div>\n\t\t<\/section>\n\t\t\t\t<section class=\"elementor-section elementor-top-section elementor-element elementor-element-b7b4521 elementor-section-boxed elementor-section-height-default elementor-section-height-default exad-glass-effect-no exad-sticky-section-no\" data-id=\"b7b4521\" data-element_type=\"section\">\n\t\t\t\t\t\t<div class=\"elementor-container elementor-column-gap-default\">\n\t\t\t\t\t<div class=\"elementor-column elementor-col-100 elementor-top-column elementor-element elementor-element-05347ae exad-glass-effect-no exad-sticky-section-no\" data-id=\"05347ae\" data-element_type=\"column\">\n\t\t\t<div class=\"elementor-widget-wrap elementor-element-populated\">\n\t\t\t\t\t\t\t\t<div class=\"elementor-element elementor-element-3f22c7c exad-sticky-section-no exad-glass-effect-no elementor-widget elementor-widget-eael-woo-product-carousel\" data-id=\"3f22c7c\" data-element_type=\"widget\" data-widget_type=\"eael-woo-product-carousel.default\">\n\t\t\t\t<div class=\"elementor-widget-container\">\n\t\t\t\n        <div class=\"swiper-container-wrap eael-woo-product-carousel-container preset-3 swiper-container-wrap-dots-outside\" id=\"eael-product-carousel-3f22c7c\" data-widget-id=\"3f22c7c\" >\n            <div class=\"woocommerce swiper-container eael-woo-product-carousel swiper-container-3f22c7c eael-product-appender-3f22c7c\" data-pagination=\".swiper-pagination-3f22c7c\" data-arrow-next=\".swiper-button-next-3f22c7c\" data-arrow-prev=\".swiper-button-prev-3f22c7c\" data-type=\"preset-3\" data-effect=\"slide\" data-items=\"3\" data-margin=\"10\" data-speed=\"400\" data-autoplay=\"2000\" data-loop=\"1\" data-dots=\"1\"><ul class=\"swiper-wrapper products\">    <li class=\"product swiper-slide post-401 type-product status-publish has-post-thumbnail hentry product_cat-kolbaszfelek entry has-media has-product-nav col span_1_of_3 owp-content-center owp-thumbs-layout-horizontal owp-btn-normal owp-tabs-layout-horizontal has-no-thumbnails\">\n        <div class=\"eael-product-carousel\">\n            <div class=\"product-image-wrap\">\n                <div class=\"image-wrap\">\n                    <img width=\"300\" height=\"225\" src=\"https:\/\/hus.rgphoto.hu\/wp-content\/uploads\/2022\/08\/kolbasz-300x225.png\" class=\"attachment-medium size-medium\" alt=\"\" loading=\"eager\" srcset=\"https:\/\/hus.rgphoto.hu\/wp-content\/uploads\/2022\/08\/kolbasz-300x225.png 300w, https:\/\/hus.rgphoto.hu\/wp-content\/uploads\/2022\/08\/kolbasz.png 332w\" sizes=\"(max-width: 300px) 100vw, 300px\" \/>                <\/div>\n                <div class=\"image-hover-wrap\">\n                    <ul class=\"icons-wrap block-style\">\n                        <li class=\"add-to-cart\"><a href=\"?add-to-cart=401\" data-quantity=\"1\" class=\"button product_type_simple add_to_cart_button ajax_add_to_cart\" data-product_id=\"401\" data-product_sku=\"\" aria-label=\"&ldquo;Csemege Debreceni&rdquo; kos\u00e1rba helyez\u00e9se\" rel=\"nofollow\">Kos\u00e1rba teszem<\/a><\/li>\n\t                                                <li class=\"eael-product-quick-view\">\n                                <a id=\"eael_quick_view_69e7df79cf68c\" data-quickview-setting=\"{&quot;widget_id&quot;:&quot;3f22c7c&quot;,&quot;product_id&quot;:401,&quot;page_id&quot;:241}\"\n                                   class=\"open-popup-link\">\n                                    <i class=\"fas fa-eye\"><\/i>\n                                <\/a>\n                            <\/li>\n\t                                            <li class=\"view-details\"><a href=\"https:\/\/hus.rgphoto.hu\/index.php\/termek\/csemege-debreceni\/\"><i class=\"fas fa-link\"><\/i><\/a><\/li>\n\n                    <\/ul>\n                                    <\/div>\n            <\/div>\n            <div class=\"product-details-wrap\">\n\t            <div class=\"eael-product-title\"><h2>Csemege Debreceni<\/h2><\/div>                <div class=\"eael-product-price\"><span class=\"woocommerce-Price-amount amount\"><bdi><span class=\"woocommerce-Price-currencySymbol\">&#70;&#116;<\/span>1,190.00<\/bdi><\/span><\/div>\t            \n            <\/div>\n        <\/div>\n    <\/li>\n        <li class=\"product swiper-slide post-408 type-product status-publish has-post-thumbnail hentry product_cat-kolbaszfelek entry has-media has-product-nav col span_1_of_3 owp-content-center owp-thumbs-layout-horizontal owp-btn-normal owp-tabs-layout-horizontal has-no-thumbnails\">\n        <div class=\"eael-product-carousel\">\n            <div class=\"product-image-wrap\">\n                <div class=\"image-wrap\">\n                    <img width=\"300\" height=\"225\" src=\"https:\/\/hus.rgphoto.hu\/wp-content\/uploads\/2022\/08\/kolbasz-300x225.png\" class=\"attachment-medium size-medium\" alt=\"\" loading=\"eager\" srcset=\"https:\/\/hus.rgphoto.hu\/wp-content\/uploads\/2022\/08\/kolbasz-300x225.png 300w, https:\/\/hus.rgphoto.hu\/wp-content\/uploads\/2022\/08\/kolbasz.png 332w\" sizes=\"(max-width: 300px) 100vw, 300px\" \/>                <\/div>\n                <div class=\"image-hover-wrap\">\n                    <ul class=\"icons-wrap block-style\">\n                        <li class=\"add-to-cart\"><a href=\"?add-to-cart=408\" data-quantity=\"1\" class=\"button product_type_simple add_to_cart_button ajax_add_to_cart\" data-product_id=\"408\" data-product_sku=\"\" aria-label=\"&ldquo;Cs\u00edp\u0151s Debreceni&rdquo; kos\u00e1rba helyez\u00e9se\" rel=\"nofollow\">Kos\u00e1rba teszem<\/a><\/li>\n\t                                                <li class=\"eael-product-quick-view\">\n                                <a id=\"eael_quick_view_69e7df79cfcf4\" data-quickview-setting=\"{&quot;widget_id&quot;:&quot;3f22c7c&quot;,&quot;product_id&quot;:408,&quot;page_id&quot;:241}\"\n                                   class=\"open-popup-link\">\n                                    <i class=\"fas fa-eye\"><\/i>\n                                <\/a>\n                            <\/li>\n\t                                            <li class=\"view-details\"><a href=\"https:\/\/hus.rgphoto.hu\/index.php\/termek\/csipos-debreceni\/\"><i class=\"fas fa-link\"><\/i><\/a><\/li>\n\n                    <\/ul>\n                                    <\/div>\n            <\/div>\n            <div class=\"product-details-wrap\">\n\t            <div class=\"eael-product-title\"><h2>Cs\u00edp\u0151s Debreceni<\/h2><\/div>                <div class=\"eael-product-price\"><span class=\"woocommerce-Price-amount amount\"><bdi><span class=\"woocommerce-Price-currencySymbol\">&#70;&#116;<\/span>1,190.00<\/bdi><\/span><\/div>\t            \n            <\/div>\n        <\/div>\n    <\/li>\n        <li class=\"product swiper-slide post-867 type-product status-publish hentry product_cat-felvagottak product_tag-felvagottak entry has-product-nav col span_1_of_3 owp-content-center owp-thumbs-layout-horizontal owp-btn-normal owp-tabs-layout-horizontal has-no-thumbnails\">\n        <div class=\"eael-product-carousel\">\n            <div class=\"product-image-wrap\">\n                <div class=\"image-wrap\">\n                    <img width=\"300\" height=\"300\" src=\"https:\/\/hus.rgphoto.hu\/wp-content\/uploads\/woocommerce-placeholder-300x300.png\" class=\"woocommerce-placeholder wp-post-image\" alt=\"Helytart\u00f3\" loading=\"eager\" srcset=\"https:\/\/hus.rgphoto.hu\/wp-content\/uploads\/woocommerce-placeholder-300x300.png 300w, https:\/\/hus.rgphoto.hu\/wp-content\/uploads\/woocommerce-placeholder-1024x1024.png 1024w, https:\/\/hus.rgphoto.hu\/wp-content\/uploads\/woocommerce-placeholder-150x150.png 150w, https:\/\/hus.rgphoto.hu\/wp-content\/uploads\/woocommerce-placeholder-768x768.png 768w, https:\/\/hus.rgphoto.hu\/wp-content\/uploads\/woocommerce-placeholder-600x600.png 600w, https:\/\/hus.rgphoto.hu\/wp-content\/uploads\/woocommerce-placeholder.png 1200w\" sizes=\"(max-width: 300px) 100vw, 300px\" \/>                <\/div>\n                <div class=\"image-hover-wrap\">\n                    <ul class=\"icons-wrap block-style\">\n                        <li class=\"add-to-cart\"><a href=\"?add-to-cart=867\" data-quantity=\"1\" class=\"button product_type_simple add_to_cart_button ajax_add_to_cart\" data-product_id=\"867\" data-product_sku=\"\" aria-label=\"&ldquo;Uzsonna&rdquo; kos\u00e1rba helyez\u00e9se\" rel=\"nofollow\">Kos\u00e1rba teszem<\/a><\/li>\n\t                                                <li class=\"eael-product-quick-view\">\n                                <a id=\"eael_quick_view_69e7df79d054f\" data-quickview-setting=\"{&quot;widget_id&quot;:&quot;3f22c7c&quot;,&quot;product_id&quot;:867,&quot;page_id&quot;:241}\"\n                                   class=\"open-popup-link\">\n                                    <i class=\"fas fa-eye\"><\/i>\n                                <\/a>\n                            <\/li>\n\t                                            <li class=\"view-details\"><a href=\"https:\/\/hus.rgphoto.hu\/index.php\/termek\/uzsonna\/\"><i class=\"fas fa-link\"><\/i><\/a><\/li>\n\n                    <\/ul>\n                                    <\/div>\n            <\/div>\n            <div class=\"product-details-wrap\">\n\t            <div class=\"eael-product-title\"><h2>Uzsonna<\/h2><\/div>                <div class=\"eael-product-price\"><span class=\"woocommerce-Price-amount amount\"><bdi><span class=\"woocommerce-Price-currencySymbol\">&#70;&#116;<\/span>0.00<\/bdi><\/span><\/div>\t            \n            <\/div>\n        <\/div>\n    <\/li>\n        <li class=\"product swiper-slide post-412 type-product status-publish has-post-thumbnail hentry product_cat-kolbaszfelek entry has-media has-product-nav col span_1_of_3 owp-content-center owp-thumbs-layout-horizontal owp-btn-normal owp-tabs-layout-horizontal has-no-thumbnails\">\n        <div class=\"eael-product-carousel\">\n            <div class=\"product-image-wrap\">\n                <div class=\"image-wrap\">\n                    <img width=\"280\" height=\"280\" src=\"https:\/\/hus.rgphoto.hu\/wp-content\/uploads\/2022\/09\/mb_sub.jpg\" class=\"attachment-medium size-medium\" alt=\"\" loading=\"eager\" srcset=\"https:\/\/hus.rgphoto.hu\/wp-content\/uploads\/2022\/09\/mb_sub.jpg 280w, https:\/\/hus.rgphoto.hu\/wp-content\/uploads\/2022\/09\/mb_sub-150x150.jpg 150w, https:\/\/hus.rgphoto.hu\/wp-content\/uploads\/2022\/09\/mb_sub-100x100.jpg 100w\" sizes=\"(max-width: 280px) 100vw, 280px\" \/>                <\/div>\n                <div class=\"image-hover-wrap\">\n                    <ul class=\"icons-wrap block-style\">\n                        <li class=\"add-to-cart\"><a href=\"?add-to-cart=412\" data-quantity=\"1\" class=\"button product_type_simple add_to_cart_button ajax_add_to_cart\" data-product_id=\"412\" data-product_sku=\"\" aria-label=\"&ldquo;Csemege Lecs\u00f3kolb\u00e1sz&rdquo; kos\u00e1rba helyez\u00e9se\" rel=\"nofollow\">Kos\u00e1rba teszem<\/a><\/li>\n\t                                                <li class=\"eael-product-quick-view\">\n                                <a id=\"eael_quick_view_69e7df79d0c73\" data-quickview-setting=\"{&quot;widget_id&quot;:&quot;3f22c7c&quot;,&quot;product_id&quot;:412,&quot;page_id&quot;:241}\"\n                                   class=\"open-popup-link\">\n                                    <i class=\"fas fa-eye\"><\/i>\n                                <\/a>\n                            <\/li>\n\t                                            <li class=\"view-details\"><a href=\"https:\/\/hus.rgphoto.hu\/index.php\/termek\/csemege-lecsokolbasz\/\"><i class=\"fas fa-link\"><\/i><\/a><\/li>\n\n                    <\/ul>\n                                    <\/div>\n            <\/div>\n            <div class=\"product-details-wrap\">\n\t            <div class=\"eael-product-title\"><h2>Csemege Lecs\u00f3kolb\u00e1sz<\/h2><\/div>                <div class=\"eael-product-price\"><span class=\"woocommerce-Price-amount amount\"><bdi><span class=\"woocommerce-Price-currencySymbol\">&#70;&#116;<\/span>1,160.00<\/bdi><\/span><\/div>\t            \n            <\/div>\n        <\/div>\n    <\/li>\n    <\/ul><\/div>            <!-- Add Pagination -->\n            <div class=\"swiper-pagination swiper-pagination-3f22c7c dots-preset-1\"><\/div>\n                <\/div>\n        \t\t<\/div>\n\t\t\t\t<\/div>\n\t\t\t\t\t<\/div>\n\t\t<\/div>\n\t\t\t\t\t\t\t<\/div>\n\t\t<\/section>\n\t\t\t\t\t\t\t<\/div>\n\t\t","protected":false},"excerpt":{"rendered":"<p>Kapcsolat Rendel\u00e9sek a k\u00f6vetkez\u0151 id\u0151pontig adhat\u00f3ak le: Irodai telefonsz\u00e1mon: H-P 05-14 \u00f3r\u00e1igMobiltelefonon : H-Szo 05-20 \u00f3r\u00e1igE-mailben a kisz\u00e1ll\u00edt\u00e1st megel\u0151z\u0151 nap 24 \u00f3r\u00e1ig. Inform\u00e1ci\u00f3 Rendel\u00e9sek a k\u00f6vetkez\u0151 id\u0151pontig adhat\u00f3ak le: Irodai telefonsz\u00e1mon: H-P 05-14 \u00f3r\u00e1igMobiltelefonon : H-Szo 05-20 \u00f3r\u00e1igE-mailben a kisz\u00e1ll\u00edt\u00e1st megel\u0151z\u0151 nap 24 \u00f3r\u00e1ig. C\u00edm Budapest, Horv\u00e1th Mih\u00e1ly utca 4. Telefonsz\u00e1m +36\/30-477-9747 Email johustolcsonkft@gmail.com Kos\u00e1rba [&hellip;]<\/p>\n","protected":false},"author":1,"featured_media":0,"parent":0,"menu_order":0,"comment_status":"closed","ping_status":"closed","template":"","meta":{"om_disable_all_campaigns":false,"_monsterinsights_skip_tracking":false,"_monsterinsights_sitenote_active":false,"_monsterinsights_sitenote_note":"","_monsterinsights_sitenote_category":0},"aioseo_notices":[],"_links":{"self":[{"href":"https:\/\/hus.rgphoto.hu\/index.php\/wp-json\/wp\/v2\/pages\/241"}],"collection":[{"href":"https:\/\/hus.rgphoto.hu\/index.php\/wp-json\/wp\/v2\/pages"}],"about":[{"href":"https:\/\/hus.rgphoto.hu\/index.php\/wp-json\/wp\/v2\/types\/page"}],"author":[{"embeddable":true,"href":"https:\/\/hus.rgphoto.hu\/index.php\/wp-json\/wp\/v2\/users\/1"}],"replies":[{"embeddable":true,"href":"https:\/\/hus.rgphoto.hu\/index.php\/wp-json\/wp\/v2\/comments?post=241"}],"version-history":[{"count":34,"href":"https:\/\/hus.rgphoto.hu\/index.php\/wp-json\/wp\/v2\/pages\/241\/revisions"}],"predecessor-version":[{"id":780,"href":"https:\/\/hus.rgphoto.hu\/index.php\/wp-json\/wp\/v2\/pages\/241\/revisions\/780"}],"wp:attachment":[{"href":"https:\/\/hus.rgphoto.hu\/index.php\/wp-json\/wp\/v2\/media?parent=241"}],"curies":[{"name":"wp","href":"https:\/\/api.w.org\/{rel}","templated":true}]}}